{"id":122,"date":"2017-04-04T06:40:04","date_gmt":"2017-04-04T06:40:04","guid":{"rendered":"http:\/\/www.protectiasocialaalba.ro\/nou\/nou\/?page_id=122"},"modified":"2026-03-06T11:45:04","modified_gmt":"2026-03-06T11:45:04","slug":"copii-cu-parinti-plecati-in-strainatate","status":"publish","type":"page","link":"https:\/\/www.protectiasocialaalba.ro\/nou\/copii-cu-parinti-plecati-in-strainatate\/","title":{"rendered":"Copii cu p\u0103rin\u021bi pleca\u021bi \u00een str\u0103in\u0103tate"},"content":{"rendered":"<section  class='av_textblock_section av-lycq8i4n-e4a165344a0b3fdfe1500c35d41eb94f '   itemscope=\"itemscope\" itemtype=\"https:\/\/schema.org\/CreativeWork\" ><div class='avia_textblock'  itemprop=\"text\" ><p>Click pe link-urile ata\u0219ate pentru a vizualiza:<\/p>\n<p>2025 &#8211;\u00a0<a href=\"http:\/\/www.protectiasocialaalba.ro\/nou\/wp-content\/uploads\/2026\/03\/2025-Copii-cu-parinti-plecati-in-strainatate-trim.-I.-trim.-II.-trim.-III.-trim.-IV.pdf\">Copii cu parinti plecati in strainatate anul 2025<\/a><\/p>\n<p>2024 &#8211;\u00a0<a href=\"http:\/\/www.protectiasocialaalba.ro\/nou\/wp-content\/uploads\/2025\/02\/2024-Copii-cu-parinti-plecati-in-strainatate-trim.-I-tri.-II-trim.-III.-trim.-IV.pdf\">Copii cu parinti plecati in strainatate anul 2024<\/a><\/p>\n<p>2023 &#8211;\u00a0<a href=\"http:\/\/www.protectiasocialaalba.ro\/nou\/wp-content\/uploads\/2024\/02\/2023-Copii-cu-parinti-plecati-in-strainatate-trim.-I-trim.-II-trim.-III.-trim.-IV.pdf\">Copii cu parinti plecati in strainatate anul 2023<\/a><\/p>\n<p>2022 &#8211;\u00a0<a href=\"http:\/\/www.protectiasocialaalba.ro\/nou\/wp-content\/uploads\/2023\/05\/Copii-cu-parinti-plecati-in-strainatate-anul-2022.pdf\">Copii cu parinti plecati in strainatate anul 2022<\/a><\/p>\n<p>2021 &#8211;\u00a0<a href=\"http:\/\/www.protectiasocialaalba.ro\/nou\/wp-content\/uploads\/2022\/02\/Copii-cu-parinti-plecati-in-strainatate-anul-2021.pdf\">Copii cu parinti plecati in strainatate anul 2021<\/a><\/p>\n<p>2020 &#8211;\u00a0<a href=\"http:\/\/www.protectiasocialaalba.ro\/nou\/wp-content\/uploads\/2021\/02\/Copii-cu-parinti-plecati-in-strainatate-anul-2020.pdf\">Copii cu parinti plecati in strainatate anul 2020<\/a><\/p>\n<p>2019 &#8211;\u00a0<a href=\"http:\/\/www.protectiasocialaalba.ro\/nou\/wp-content\/uploads\/2020\/02\/Copii-cu-parinti-plecati-in-strainatate-anul-2019.pdf\">Copii cu parinti plecati in strainatate anul 2019<\/a><\/p>\n<p>2018 &#8211;\u00a0<a href=\"http:\/\/www.protectiasocialaalba.ro\/nou\/wp-content\/uploads\/2019\/08\/Copii-cu-parinti-plecati-in-strainatate-anul-2018.pdf\">Copii cu parinti plecati in strainatate anul 2018<\/a><\/p>\n<\/div><\/section>\n","protected":false},"excerpt":{"rendered":"","protected":false},"author":1,"featured_media":0,"parent":0,"menu_order":0,"comment_status":"closed","ping_status":"closed","template":"","meta":{"footnotes":""},"_links":{"self":[{"href":"https:\/\/www.protectiasocialaalba.ro\/nou\/wp-json\/wp\/v2\/pages\/122"}],"collection":[{"href":"https:\/\/www.protectiasocialaalba.ro\/nou\/wp-json\/wp\/v2\/pages"}],"about":[{"href":"https:\/\/www.protectiasocialaalba.ro\/nou\/wp-json\/wp\/v2\/types\/page"}],"author":[{"embeddable":true,"href":"https:\/\/www.protectiasocialaalba.ro\/nou\/wp-json\/wp\/v2\/users\/1"}],"replies":[{"embeddable":true,"href":"https:\/\/www.protectiasocialaalba.ro\/nou\/wp-json\/wp\/v2\/comments?post=122"}],"version-history":[{"count":37,"href":"https:\/\/www.protectiasocialaalba.ro\/nou\/wp-json\/wp\/v2\/pages\/122\/revisions"}],"predecessor-version":[{"id":10122,"href":"https:\/\/www.protectiasocialaalba.ro\/nou\/wp-json\/wp\/v2\/pages\/122\/revisions\/10122"}],"wp:attachment":[{"href":"https:\/\/www.protectiasocialaalba.ro\/nou\/wp-json\/wp\/v2\/media?parent=122"}],"curies":[{"name":"wp","href":"https:\/\/api.w.org\/{rel}","templated":true}]}}