{"id":7344,"date":"2024-07-02T12:04:39","date_gmt":"2024-07-02T12:04:39","guid":{"rendered":"https:\/\/www.protectiasocialaalba.ro\/nou\/?page_id=7344"},"modified":"2024-07-02T12:10:34","modified_gmt":"2024-07-02T12:10:34","slug":"protocoale","status":"publish","type":"page","link":"https:\/\/www.protectiasocialaalba.ro\/nou\/protocoale\/","title":{"rendered":"Protocoale"},"content":{"rendered":"<div id='av_section_1'  class='avia-section av-av_section-9ea9b9433d04c3b6567615207c381808 main_color avia-section-huge avia-no-border-styling  avia-builder-el-0  avia-builder-el-no-sibling  avia-bg-style-scroll container_wrap fullsize'  ><div class='container av-section-cont-open' ><main  role=\"main\" itemprop=\"mainContentOfPage\"  class='template-page content  av-content-full alpha units'><div class='post-entry post-entry-type-page post-entry-7344'><div class='entry-content-wrapper clearfix'>\n\n<style type=\"text\/css\" data-created_by=\"avia_inline_auto\" id=\"style-css-av-ly4d3bvs-83197ef64385215cc12acd8d94fc4e46\">\n#top .av-special-heading.av-ly4d3bvs-83197ef64385215cc12acd8d94fc4e46{\nmargin:0 0 0 0;\npadding-bottom:0;\nfont-size:50px;\n}\nbody .av-special-heading.av-ly4d3bvs-83197ef64385215cc12acd8d94fc4e46 .av-special-heading-tag .heading-char{\nfont-size:25px;\n}\n#top #wrap_all .av-special-heading.av-ly4d3bvs-83197ef64385215cc12acd8d94fc4e46 .av-special-heading-tag{\nfont-size:50px;\n}\n.av-special-heading.av-ly4d3bvs-83197ef64385215cc12acd8d94fc4e46 .av-subheading{\nfont-size:30px;\n}\n\n@media only screen and (min-width: 480px) and (max-width: 767px){ \n#top #wrap_all .av-special-heading.av-ly4d3bvs-83197ef64385215cc12acd8d94fc4e46 .av-special-heading-tag{\nfont-size:0.8em;\n}\n}\n\n@media only screen and (max-width: 479px){ \n#top #wrap_all .av-special-heading.av-ly4d3bvs-83197ef64385215cc12acd8d94fc4e46 .av-special-heading-tag{\nfont-size:0.8em;\n}\n}\n<\/style>\n<div  class='av-special-heading av-ly4d3bvs-83197ef64385215cc12acd8d94fc4e46 av-special-heading-h3 blockquote modern-quote modern-centered  avia-builder-el-1  el_before_av_hr  avia-builder-el-first  av-inherit-size'><h3 class='av-special-heading-tag'  itemprop=\"headline\"  >Protocoale<\/h3><div class=\"special-heading-border\"><div class=\"special-heading-inner-border\"><\/div><\/div><\/div>\n\n<style type=\"text\/css\" data-created_by=\"avia_inline_auto\" id=\"style-css-av-av_hr-0f2ccd1171e60ccbbe71fc4281c90e6e\">\n#top .hr.av-av_hr-0f2ccd1171e60ccbbe71fc4281c90e6e{\nmargin-top:50px;\nmargin-bottom:65px;\n}\n.hr.av-av_hr-0f2ccd1171e60ccbbe71fc4281c90e6e .hr-inner{\nwidth:50px;\nborder-color:#d3d3d3;\nmax-width:45%;\n}\n.hr.av-av_hr-0f2ccd1171e60ccbbe71fc4281c90e6e .av-seperator-icon{\ncolor:#072f4c;\n}\n<\/style>\n<div  class='hr av-av_hr-0f2ccd1171e60ccbbe71fc4281c90e6e hr-custom  avia-builder-el-2  el_after_av_heading  el_before_av_one_half  hr-center hr-icon-yes'><span class='hr-inner inner-border-av-border-thin'><span class=\"hr-inner-style\"><\/span><\/span><span class='av-seperator-icon' aria-hidden='true' data-av_icon='\ue807' data-av_iconfont='entypo-fontello'><\/span><span class='hr-inner inner-border-av-border-thin'><span class=\"hr-inner-style\"><\/span><\/span><\/div>\n<div class='flex_column_table av-av_one_half-07e97bd707155d7ae40137771515cd91 sc-av_one_half av-equal-height-column-flextable'>\n<style type=\"text\/css\" data-created_by=\"avia_inline_auto\" id=\"style-css-av-av_one_half-07e97bd707155d7ae40137771515cd91\">\n#top .flex_column_table.av-equal-height-column-flextable.av-av_one_half-07e97bd707155d7ae40137771515cd91{\nmargin-top:0px;\nmargin-bottom:0px;\n}\n.flex_column.av-av_one_half-07e97bd707155d7ae40137771515cd91{\nborder-radius:3px 3px 3px 3px;\npadding:40px 40px 40px 40px;\nbackground-color:#072f4c;\n}\n<\/style>\n<div  class='flex_column av-av_one_half-07e97bd707155d7ae40137771515cd91 av_one_half  avia-builder-el-3  el_after_av_hr  el_before_av_one_half  first flex_column_table_cell av-equal-height-column av-align-middle av-animated-generic left-to-right  '     ><p>\n<style type=\"text\/css\" data-created_by=\"avia_inline_auto\" id=\"style-css-av-av_font_icon-1534d3cefc5ae067203f8f5356d30b0c\">\n.av_font_icon.av-av_font_icon-1534d3cefc5ae067203f8f5356d30b0c{\ncolor:#ffffff;\nborder-color:#ffffff;\n}\n.av_font_icon.av-av_font_icon-1534d3cefc5ae067203f8f5356d30b0c .av-icon-char{\nfont-size:70px;\nline-height:70px;\n}\n<\/style>\n<span  class='av_font_icon av-av_font_icon-1534d3cefc5ae067203f8f5356d30b0c avia_animate_when_visible av-icon-style- avia-icon-pos-center avia-icon-animate'><span class='av-icon-char' aria-hidden='true' data-av_icon='\ue84e' data-av_iconfont='entypo-fontello' ><\/span><\/span><br \/>\n\n<style type=\"text\/css\" data-created_by=\"avia_inline_auto\" id=\"style-css-av-ly4d4363-b97dc3370b851ec0142bb9c15916a687\">\n#top .av-special-heading.av-ly4d4363-b97dc3370b851ec0142bb9c15916a687{\nmargin:25px 0 0 0;\npadding-bottom:10px;\ncolor:#ffffff;\n}\nbody .av-special-heading.av-ly4d4363-b97dc3370b851ec0142bb9c15916a687 .av-special-heading-tag .heading-char{\nfont-size:25px;\n}\n.av-special-heading.av-ly4d4363-b97dc3370b851ec0142bb9c15916a687 .special-heading-inner-border{\nborder-color:#ffffff;\n}\n.av-special-heading.av-ly4d4363-b97dc3370b851ec0142bb9c15916a687 .av-subheading{\nfont-size:15px;\n}\n<\/style>\n<div  class='av-special-heading av-ly4d4363-b97dc3370b851ec0142bb9c15916a687 av-special-heading-h2 custom-color-heading blockquote modern-quote modern-centered  avia-builder-el-5  el_after_av_font_icon  el_before_av_textblock '><h2 class='av-special-heading-tag'  itemprop=\"headline\"  >Protocol de colaborare pe linia furniz\u0103rii de date din registrul na\u021bional de eviden\u021b\u0103 a persoanelor<\/h2><div class=\"special-heading-border\"><div class=\"special-heading-inner-border\"><\/div><\/div><\/div><br \/>\n\n<style type=\"text\/css\" data-created_by=\"avia_inline_auto\" id=\"style-css-av-ly4d69a2-312987b5ca9c04edbf87b233ac60e45a\">\n#top .av_textblock_section.av-ly4d69a2-312987b5ca9c04edbf87b233ac60e45a .avia_textblock{\ncolor:#ffffff;\n}\n<\/style>\n<section  class='av_textblock_section av-ly4d69a2-312987b5ca9c04edbf87b233ac60e45a '   itemscope=\"itemscope\" itemtype=\"https:\/\/schema.org\/CreativeWork\" ><div class='avia_textblock av_inherit_color'  itemprop=\"text\" ><p style=\"text-align: center;\">HOT\u0102R\u00c2RE Nr. 797\/2017 din 8 noiembrie 2017 pentru aprobarea regulamentelor-cadru de organizare \u015fi func\u0163ionare ale serviciilor publice de asisten\u0163\u0103 social\u0103 \u015fi a structurii orientative de personal.<\/p>\n<p>Va atasam urmatorul document:<\/p>\n<\/div><\/section><br \/>\n\n<style type=\"text\/css\" data-created_by=\"avia_inline_auto\" id=\"style-css-av-av_hr-cc88effc45839a709066c68716a550f9\">\n#top .hr.hr-invisible.av-av_hr-cc88effc45839a709066c68716a550f9{\nheight:20px;\n}\n<\/style>\n<div  class='hr av-av_hr-cc88effc45839a709066c68716a550f9 hr-invisible  avia-builder-el-7  el_after_av_textblock  el_before_av_button '><span class='hr-inner '><span class=\"hr-inner-style\"><\/span><\/span><\/div><br \/>\n<div  class='avia-button-wrap av-ly4d7c81-3e264cdfec7bdde13335f24bfb7d40b8-wrap avia-button-center  avia-builder-el-8  el_after_av_hr  avia-builder-el-last '>\n<style type=\"text\/css\" data-created_by=\"avia_inline_auto\" id=\"style-css-av-ly4d7c81-3e264cdfec7bdde13335f24bfb7d40b8\">\n#top #wrap_all .avia-button.av-ly4d7c81-3e264cdfec7bdde13335f24bfb7d40b8{\nbackground-color:#ffffff;\nborder-color:#ffffff;\ncolor:#0a0a0a;\ntransition:all 0.4s ease-in-out;\n}\n<\/style>\n<a href='http:\/\/www.protectiasocialaalba.ro\/nou\/wp-content\/uploads\/2018\/04\/Protocol-furnizare-date-Registrul-national-de-evidenta-a-persoanelor.pdf'  class='avia-button av-ly4d7c81-3e264cdfec7bdde13335f24bfb7d40b8 av-link-btn avia-icon_select-yes-right-icon avia-size-large avia-position-center av-icon-on-hover'  ><span class='avia_iconbox_title' >Mai multe detalii<\/span><span class='avia_button_icon avia_button_icon_right' aria-hidden='true' data-av_icon='\ue879' data-av_iconfont='entypo-fontello'><\/span><\/a><\/div><\/p><\/div><div class='av-flex-placeholder'><\/div>\n<style type=\"text\/css\" data-created_by=\"avia_inline_auto\" id=\"style-css-av-av_one_half-8d2588d3179ae4cb9ea8766c312bb579\">\n#top .flex_column_table.av-equal-height-column-flextable.av-av_one_half-8d2588d3179ae4cb9ea8766c312bb579{\nmargin-top:0px;\nmargin-bottom:0px;\n}\n.flex_column.av-av_one_half-8d2588d3179ae4cb9ea8766c312bb579{\nborder-radius:3px 3px 3px 3px;\npadding:40px 40px 40px 40px;\nbackground-color:#094978;\nbackground:linear-gradient( to top right, #094978, #105e96 );\n}\n<\/style>\n<div  class='flex_column av-av_one_half-8d2588d3179ae4cb9ea8766c312bb579 av_one_half  avia-builder-el-9  el_after_av_one_half  avia-builder-el-last  flex_column_table_cell av-equal-height-column av-align-middle av-animated-generic left-to-right  '     ><p>\n<style type=\"text\/css\" data-created_by=\"avia_inline_auto\" id=\"style-css-av-av_font_icon-42cb0e72080ca104cc2b2038bfca7b71\">\n.av_font_icon.av-av_font_icon-42cb0e72080ca104cc2b2038bfca7b71{\ncolor:#ffffff;\nborder-color:#ffffff;\n}\n.av_font_icon.av-av_font_icon-42cb0e72080ca104cc2b2038bfca7b71 .av-icon-char{\nfont-size:70px;\nline-height:70px;\n}\n<\/style>\n<span  class='av_font_icon av-av_font_icon-42cb0e72080ca104cc2b2038bfca7b71 avia_animate_when_visible av-icon-style- avia-icon-pos-center avia-icon-animate'><span class='av-icon-char' aria-hidden='true' data-av_icon='\ue849' data-av_iconfont='entypo-fontello' ><\/span><\/span><br \/>\n\n<style type=\"text\/css\" data-created_by=\"avia_inline_auto\" id=\"style-css-av-ly4d9i25-e7f2741dbc8b32fd4c9e69eeefd5a360\">\n#top .av-special-heading.av-ly4d9i25-e7f2741dbc8b32fd4c9e69eeefd5a360{\nmargin:25px 0 0 0;\npadding-bottom:10px;\ncolor:#ffffff;\n}\nbody .av-special-heading.av-ly4d9i25-e7f2741dbc8b32fd4c9e69eeefd5a360 .av-special-heading-tag .heading-char{\nfont-size:25px;\n}\n.av-special-heading.av-ly4d9i25-e7f2741dbc8b32fd4c9e69eeefd5a360 .special-heading-inner-border{\nborder-color:#ffffff;\n}\n.av-special-heading.av-ly4d9i25-e7f2741dbc8b32fd4c9e69eeefd5a360 .av-subheading{\nfont-size:15px;\n}\n<\/style>\n<div  class='av-special-heading av-ly4d9i25-e7f2741dbc8b32fd4c9e69eeefd5a360 av-special-heading-h2 custom-color-heading blockquote modern-quote modern-centered  avia-builder-el-11  el_after_av_font_icon  el_before_av_hr '><h2 class='av-special-heading-tag'  itemprop=\"headline\"  >Protocol de cooperare dintre Inspectoratul de Poli\u021bie Jude\u021bean Alba si Directia Generala de Asistenta Sociala \u0219i Protec\u021bia Copilului Alba<\/h2><div class=\"special-heading-border\"><div class=\"special-heading-inner-border\"><\/div><\/div><\/div><br \/>\n\n<style type=\"text\/css\" data-created_by=\"avia_inline_auto\" id=\"style-css-av-av_hr-cc88effc45839a709066c68716a550f9\">\n#top .hr.hr-invisible.av-av_hr-cc88effc45839a709066c68716a550f9{\nheight:20px;\n}\n<\/style>\n<div  class='hr av-av_hr-cc88effc45839a709066c68716a550f9 hr-invisible  avia-builder-el-12  el_after_av_heading  el_before_av_button '><span class='hr-inner '><span class=\"hr-inner-style\"><\/span><\/span><\/div><br \/>\n<div  class='avia-button-wrap av-ly4dadds-b13ee044782d18a23e54ff36b1c16d64-wrap avia-button-center  avia-builder-el-13  el_after_av_hr  avia-builder-el-last '>\n<style type=\"text\/css\" data-created_by=\"avia_inline_auto\" id=\"style-css-av-ly4dadds-b13ee044782d18a23e54ff36b1c16d64\">\n#top #wrap_all .avia-button.av-ly4dadds-b13ee044782d18a23e54ff36b1c16d64{\nbackground-color:#ffffff;\nborder-color:#ffffff;\ncolor:#000000;\ntransition:all 0.4s ease-in-out;\n}\n<\/style>\n<a href='http:\/\/www.protectiasocialaalba.ro\/nou\/wp-content\/uploads\/2021\/07\/protocol_colaborare_politie_alba_dgaspc_alba_08_07_2021.pdf'  class='avia-button av-ly4dadds-b13ee044782d18a23e54ff36b1c16d64 av-link-btn avia-icon_select-yes-right-icon avia-size-large avia-position-center av-icon-on-hover'  ><span class='avia_iconbox_title' >Mai multe detalii<\/span><span class='avia_button_icon avia_button_icon_right' aria-hidden='true' data-av_icon='\ue879' data-av_iconfont='entypo-fontello'><\/span><\/a><\/div><\/p><\/div><\/div><!--close column table wrapper. Autoclose: 1 -->\n","protected":false},"excerpt":{"rendered":"","protected":false},"author":1,"featured_media":0,"parent":0,"menu_order":0,"comment_status":"closed","ping_status":"closed","template":"","meta":{"footnotes":""},"_links":{"self":[{"href":"https:\/\/www.protectiasocialaalba.ro\/nou\/wp-json\/wp\/v2\/pages\/7344"}],"collection":[{"href":"https:\/\/www.protectiasocialaalba.ro\/nou\/wp-json\/wp\/v2\/pages"}],"about":[{"href":"https:\/\/www.protectiasocialaalba.ro\/nou\/wp-json\/wp\/v2\/types\/page"}],"author":[{"embeddable":true,"href":"https:\/\/www.protectiasocialaalba.ro\/nou\/wp-json\/wp\/v2\/users\/1"}],"replies":[{"embeddable":true,"href":"https:\/\/www.protectiasocialaalba.ro\/nou\/wp-json\/wp\/v2\/comments?post=7344"}],"version-history":[{"count":3,"href":"https:\/\/www.protectiasocialaalba.ro\/nou\/wp-json\/wp\/v2\/pages\/7344\/revisions"}],"predecessor-version":[{"id":7348,"href":"https:\/\/www.protectiasocialaalba.ro\/nou\/wp-json\/wp\/v2\/pages\/7344\/revisions\/7348"}],"wp:attachment":[{"href":"https:\/\/www.protectiasocialaalba.ro\/nou\/wp-json\/wp\/v2\/media?parent=7344"}],"curies":[{"name":"wp","href":"https:\/\/api.w.org\/{rel}","templated":true}]}}