{"id":810,"date":"2018-05-24T23:06:46","date_gmt":"2018-05-24T23:06:46","guid":{"rendered":"http:\/\/www.protectiasocialaalba.ro\/nou\/nou\/?page_id=810"},"modified":"2024-06-26T10:13:06","modified_gmt":"2024-06-26T10:13:06","slug":"politica-de-confidentialitate","status":"publish","type":"page","link":"https:\/\/www.protectiasocialaalba.ro\/nou\/politica-de-confidentialitate\/","title":{"rendered":"Politic\u0103 de confiden\u021bialitate"},"content":{"rendered":"<section  class='av_textblock_section av-av_textblock-ed65138591d16c27e462c7923b55dd25 '   itemscope=\"itemscope\" itemtype=\"https:\/\/schema.org\/CreativeWork\" ><div class='avia_textblock'  itemprop=\"text\" ><header class=\"entry-header\">\n<h1 class=\"entry-title\" data-raofz=\"22\">A. Politica de utilizare Cookie-uri<\/h1>\n<\/header>\n<div class=\"entry-content\" data-raofz=\"16\">\n<p data-raofz=\"12\">Aceast\u0103 politic\u0103 se refer\u0103 la cookie-urile \u0219i paginile web de\u021binute \u0219i operate de DGASPC Alba cu sediul \u00een , ALBA IULIA, Jude\u021b Alba, Rom\u00e2nia, (denumit\u0103 \u00een continuare DGASPC Alba).<\/p>\n<p data-raofz=\"12\">B. Ce sunt Cookie-urile?<br \/>\nCookie-ul este un fi\u0219ier de mici dimensiuni, format din litere \u0219i numere, care va fi stocat pe computerul, terminalul mobil sau alte echipamente ale unui utilizator de pe care se acceseaz\u0103 internetul. Cookie-ul este instalat prin solicitarea emis\u0103 de c\u0103tre un web-server unui browser (ex: Internet Explorer, Chrome, Firefox) \u0219i este complet \u201cpasiv\u201d (nu con\u021bine programe software, viru\u0219i sau spyware \u0219i nu poate accesa informa\u021biile de pe hard driverul utilizatorului).<\/p>\n<p data-raofz=\"12\">C. La ce sunt folosite Cookie-urile?<br \/>\nAceste fi\u0219iere fac posibil\u0103 recunoa\u0219terea terminalului utilizatorului \u0219i prezentarea con\u021binutului \u00eentrun mod relevant, adaptat preferin\u021belor utilizatorului. Cookie-urile asigura utilizatorilor o experien\u021b\u0103 pl\u0103cut\u0103 de navigare \u0219i sus\u021b\u00een eforturile DGASPC Alba pentru a oferi servicii comfortabile utilizatorilor: ex: \u2013 preferin\u021bele \u00een materie de confiden\u021bialitate online, co\u0219ul de cump\u0103r\u0103turi sau publicitate relevan\u021b\u0103. De asemenea, sunt utilizate in preg\u0103tirea unor statistici anonime agregate care ne ajut\u0103 s\u0103 \u00een\u021belegem cum un utilizator beneficiaz\u0103 de paginile noastre web, permi\u021b\u00e2ndu-ne \u00eembun\u0103t\u0103\u021birea structurii \u0219i con\u021binutului lor, excluz\u00e2nd indentificarea personal\u0103 a utilizatorului.<\/p>\n<p data-raofz=\"12\">D. Ce Cookie-uri folosim?<br \/>\nFolosim dou\u0103 tipuri de Cookie-uri: per sesiune \u0219i fixe. Cele din urm\u0103 sunt fi\u0219iere temporare ce r\u0103m\u00e2n \u00een terminalul utilizatorului p\u00e2n\u0103 la terminarea sesiunii sau \u00eenchiderea aplica\u021biei (browser-ului web). Fi\u0219ierele fixe r\u0103m\u00e2n pe terminalul utilizatorului pe o perioada \u00een parametrii Cookie-ului sau p\u00e2n\u0103 sunt \u0219terse manual de utilizator.<\/p>\n<p data-raofz=\"12\">E. Cum sunt folosite cookie-urile de c\u0103tre acest site?<br \/>\nO vizit\u0103 pe acest site poate plasa cookie-uri \u00een scopuri de: Cookie-uri de performan\u021b\u0103 a site-ului, Cookie-uri de analiz\u0103 a vizitatorilor, Cookie-uri pentru geotargetting, Cookie-uri de \u00eenregistrare.<\/p>\n<p data-raofz=\"12\">F. Con\u021bin Cookie-urile date personale?<br \/>\nCookie-urile \u00een sine nu solicit\u0103 informa\u021bii cu caaracter personal pentru a putea fi utilizate \u0219i, \u00een cele mai multe cazuri, nu identific\u0103 personal utilizatorii de internet. Datele personale colectate prin utilizarea Cookie-urilor pot fi colectate doar pentru a facilita anumite func\u021bionalit\u0103\u021bi pentru utilizator. Atare date sunt criptate \u00eentr-un mod care face imposibil accesul persoanelor neautorizate la ele.<\/p>\n<p data-raofz=\"12\">G. \u0218tergerea Cookie-urilor<br \/>\n\u00cen general, o aplica\u021bie folosit\u0103 pentru accesarea paginilor web permite salvarea Cookie-urilor pe terminal \u00een mod implicit. Aceste set\u0103ri pot fi schimbate \u00een a\u0219a fel \u00eenc\u00e2t administrarea automat\u0103 a Cookie-urilor s\u0103 fie blocat\u0103 de browser-ul web sau utilizatorul s\u0103 fie informat de fiecare dat\u0103 c\u00e2nd Cookie-uri sunt trimise c\u0103tre terminalul sau. Informa\u021bii detaliate despre posibilit\u0103\u021bile \u0219i modurile de administrare a Cookie-urilor pot fi g\u0103site \u00een zona de set\u0103ri a aplica\u021biei (browser-ului web). Limitarea folosirii Cookie-urilor poate afecta anumite func\u021bionalit\u0103\u021bi ale paginii web.<\/p>\n<p data-raofz=\"12\">H. De ce sunt cookie-urile importante pentru Internet?<br \/>\nCookie-urile reprezint\u0103 punctul central al func\u021bionarii eficiente a Internetului, ajut\u00e2nd la generarea unei experien\u021be de navigare prietenoase \u0219i adaptat\u0103 preferin\u021belor \u0219i intereselor fiec\u0103rui utilizator. Refuzarea sau dezactivarea cookieurilor poate face unele site-uri imposibil de folosit.<br \/>\nRefuzarea sau dezactivarea cookie-urilor nu \u00eenseamn\u0103 c\u0103 nu ve\u021bi mai primi publicitate online \u2013 ci doar c\u0103 aceast\u0103 nu va mai putea \u021bine cont de preferin\u021bele \u0219i interesele dvs, eviden\u021biate prin comportamentul de navigare.<\/p>\n<p data-raofz=\"12\">Exemple de \u00eentrebuin\u021b\u0103ri importante ale cookieurilor (care nu necesit\u0103 autentificarea unui utilizator prin intermediul unui cont):<\/p>\n<p data-raofz=\"12\">\u2013 Con\u021binut \u0219i servicii adaptate preferin\u021belor utilizatorului \u2013 categorii de produse \u0219i servicii.<br \/>\n\u2013 Oferte adaptate pe interesele utilizatorilor \u2013 re\u021binerea parolelor.<br \/>\n\u2013 Re\u021binerea filtrelor de protec\u021bie a copiilor privind con\u021binutul pe Internet (op\u021biuni family mode,func\u021bii de safe search).<br \/>\n\u2013 Limitarea frecven\u021bei de difuzare a reclamelor \u2013 limitarea num\u0103rului de afi\u0219\u0103ri a unei reclame pentru un anumit utilizator pe un site.<br \/>\n\u2013 Furnizarea de publicitate mai relevan\u021b\u0103 pentru utilizator.<br \/>\n\u2013 M\u0103surarea, optimizarea \u0219i caracteristicile de analytics \u2013 cum ar fi confirmarea unui anumit nivel de trafic pe un website, ce tip de con\u021binut este vizualizat \u0219i modul cum un utilizator ajunge pe un website (ex prin motoare de c\u0103utare, direct, din alte website-uri etc). Website-urile deruleaz\u0103 aceste analize a utiliz\u0103rii lor pentru a \u00eembun\u0103t\u0103\u021bi site-urile \u00een beneficiul userilor.<\/p>\n<p data-raofz=\"12\">I. Securitate \u0219i probleme legate de confiden\u021bialitate<br \/>\nCookieurile NU sunt viru\u0219i! Ele folosesc formate tip plain text. Nu sunt alc\u0103tuite din buc\u0103\u021bi de cod a\u0219a c\u0103 nu pot fi executate nici nu pot auto-rula. \u00cen consecin\u021b\u0103, nu se pot duplic\u0103 sau replic\u0103 pe alte re\u021bele pentru a se rula sau replic\u0103 din nou. Deoarece nu pot \u00eendeplini aceste func\u021bii, nu pot fi considerate viru\u0219i.<br \/>\nCookie-urile pot fi totu\u0219i folosite pentru scopuri negative. Deoarece stocheaz\u0103 informa\u021bii despre preferin\u021bele \u0219i istoricul de navigare al utilizatorilor, at\u00e2t pe un anume site c\u00e2t \u0219i pe mai multe alte siteuri, cookieurile pot fi folosite c\u0103 o form\u0103 de Spyware. Multe produse anti-spyware sunt con\u0219tiente de acest fapt \u0219i \u00een mod constant marcheaz\u0103 cookie-urile pentru a fi \u0219terse \u00een cadrul procedurilor de \u0219tergere\/scanare anti-virus\/anti-spyware.<\/p>\n<p data-raofz=\"12\">\u00cen general browserele au integrate set\u0103ri de confiden\u021bialitate care furnizeaz\u0103 diferite nivele de acceptare a cookieurilor, perioada de valabilitate \u0219i \u0219tergere automat\u0103 dup\u0103 ce utilizatorul a vizitat un anumit site.<\/p>\n<p data-raofz=\"12\">Alte aspecte de securitate legate de cookie-uri:<\/p>\n<p data-raofz=\"12\">Deoarece protec\u021bia identit\u0103\u021bii este foarte valoroas\u0103 \u0219i reprezint\u0103 dreptul fiec\u0103rui utilizator de internet, este indicat s\u0103 se \u0219tie ce eventuale probleme pot crea cookieurile. Pentru c\u0103 prin intermediul lor se transmit \u00een mod constant \u00een ambele sensuri informa\u021bii \u00eentre browser \u0219i website, dac\u0103 un atacator sau persoan\u0103 neautorizat\u0103 intervine \u00een parcursul de transmitere a datelor, informa\u021biile con\u021binute de cookie pot fi interceptate.<br \/>\nDe\u0219i foarte rar, acest lucru se poate \u00eent\u00e2mpl\u0103 dac\u0103 browserul se conecteaz\u0103 la server folosind o re\u021bea necriptata (ex: o re\u021bea WiFi nesecurizata).<\/p>\n<p data-raofz=\"12\">Alte atacuri bazate pe cookie implic\u0103 set\u0103ri gre\u0219ite ale cookieurilor pe servere. Dac\u0103 un website nu solicit\u0103 browserului s\u0103 foloseasc\u0103 doar canale criptate, atacatorii pot folosi aceast\u0103 vulnerabilitate pentru a p\u0103c\u0103li browserele \u00een a trimite informa\u021bii prin intermediul canalelor nesecurizate. Atacatorii utilizeaz\u0103 apoi informa\u021biile \u00een scopuri de a accesa neautorizat anumite site-uri. Este foarte important s\u0103 fi\u021bi aten\u021bi \u00een alegerea metodei celei mai potrivite de protec\u021bie a informa\u021biilor personale.<\/p>\n<p data-raofz=\"12\">K. Sfaturi pentru o navigare sigur\u0103 \u0219i responsabil\u0103, bazat\u0103 pe cookies<\/p>\n<p data-raofz=\"12\">Datorit\u0103 flexibilit\u0103\u021bii lor \u0219i a faptului c\u0103 majoritatea dintre cele mai vizitate site-uri \u0219i cele mai mari folosesc cookie-uri, acestea sunt aproape inevitabile. Dezactivarea cookie-urilor nu va permite accesul utilizatorului pe site-urile cele mai r\u0103sp\u00e2ndite \u0219i utilizate printre care Youtube, Gmail, Yahoo \u0219i altele.<\/p>\n<p data-raofz=\"12\">Mai jos va oferim c\u00e2teva sfaturi care va pot asigura c\u0103 nevigati f\u0103r\u0103 griji \u00eens\u0103 cu ajutorul cookie-urilor:<\/p>\n<p data-raofz=\"12\">a. Instala\u021bi-va \u0219i updatati-va constant aplica\u021bii antispyware.<br \/>\nb. Dac\u0103 nu va deranjeaz\u0103 cookie-urile \u0219i sunte\u021bi singur\u0103 persoan\u0103 care utilizaeaza computerul, pute\u021bi seta termene lungi de expirare pentru stocarea istoricului de navigare \u0219i al datelor personale de acces.<br \/>\nc. Dac\u0103 \u00eemp\u0103r\u021bi\u021bi accesul la calculator, pute\u021bi lua \u00een considerare setarea browser-ului pentru a \u0219terge datele individuale de navigare de fiecare dat\u0103 c\u00e2nd \u00eenchide\u021bi browserul. Aceast\u0103 este o varianta de a accesa site-urile care plaseaz\u0103 cookie-uri \u0219i de a \u0219terge orice informa\u021bie de vizitare la \u00eenchiderea sesiunii navigare.<br \/>\nd. Particularizati-va set\u0103rile browserului \u00een ceea ce prive\u0219te cookie-urile pentru a reflect\u0103 un nivel confortabil pentru voi al securit\u0103\u021bii utiliz\u0103rii cookie-urilor.<\/p>\n<p data-raofz=\"12\">Multe dintre aplica\u021biile de detectare \u0219i prevenire a spyware-ului includ detectarea atacurilor pe site-uri. Astfel, \u00eempiedic\u0103 browser-ul de la a accesa website-uri care ar putea s\u0103 exploateze vulnerabilit\u0103\u021bile browserului sau s\u0103 descarce software periculos.<\/p>\n<p data-raofz=\"12\">Asigura\u021bi-va c\u0103 ave\u021bi browserul mereu updatat. Multe dintre atacurile bazate pe cookie-uri se realizeaz\u0103 exploat\u00e2nd punctele slabe ale versiunilor vechi ale browserelor.<\/p>\n<p data-raofz=\"12\">Cookie-urile sunt pretutindeni \u0219i nu pot fi evitate dac\u0103 dori\u021bi s\u0103 va bucura\u021bi de acces pe cele mai bune \u0219i cele mai mari site-uri de pe Internet \u2013 locale sau interna\u021bionale. Cu o \u00een\u021belegere clar\u0103 a modului lor de operare \u0219i a beneficiilor pe care le aduc, pute\u021bi lua m\u0103surile necesare de securitate astel \u00eenc\u00e2t s\u0103 pute\u021bi naviga cu \u00eencredere pe internet.<\/p>\n<p data-raofz=\"12\">L. Cum pot opri cookie-urile ?<\/p>\n<p data-raofz=\"12\">Toate browserele moderne ofer\u0103 posibilitatea de a schimb\u0103 set\u0103rile cookie-urilor. Aceste set\u0103ri se g\u0103sesc de regul\u0103 \u00een \u201eop\u021biuni\u201d sau \u00een meniul de \u201epreferin\u021be\u201d al browserului t\u0103u.<br \/>\nEste posibil\u0103 setarea din browser pentru c\u0103 aceste cookie-uri s\u0103 nu mai fie acceptate sau po\u021bi seta browserul s\u0103 accepte cookie-uri de la un site anume. Dar, de exemplu, dac\u0103 nu e\u0219ti inregistat folosind cookie-urile, nu vei putea las\u0103 comentarii.<br \/>\nDezactivarea \u0219i refuzul de a primi cookie-uri pot face anumite site-uri impracticabile sau dificil de vizitat \u0219i folosit. De asemenea, refuzul de a accept\u0103 cookie-uri nu \u00eenseamn\u0103 c\u0103 nu ve\u021bi mai primi\/vedea publicitate online.<br \/>\n\u00cen lista de mai jos po\u0163i g\u0103si mai multe informa\u0163ii despre cum s\u0103 dezactivezi modulele cookie sau cum s\u0103 gestionezi set\u0103rile modulelor cookie pentru browserul pe care \u00eel utilizezi:<\/p>\n<p data-raofz=\"12\">\u2022 Google Chrome: https:\/\/support.google.com\/chrome\/answer\/95647?hl=en<br \/>\n\u2022 Firefox https:\/\/support.mozilla.org\/en-US\/kb\/enable-and-disable-cookies-website-\u2026<br \/>\n\u2022 Internet Explorer: http:\/\/windows.microsoft.com\/en-GB\/windows-vista\/Block-or-allow-cookies<br \/>\n\u2022 Safari: http:\/\/help.apple.com\/safari\/mac\/8.0\/#\/sfri11471<\/p>\n<h2 data-raofz=\"30\"><\/h2>\n<h2 data-raofz=\"30\"><\/h2>\n<h2 data-raofz=\"30\">Termeni \u015fi condi\u0163ii de utilizare a siteului\u00a0<strong>www.protectiasocialaalba.ro<\/strong><\/h2>\n<p data-raofz=\"12\">Acceptarea condi\u021biilor<br \/>\n<strong>www.protectiasocialaalba.ro<\/strong> este domeniul oficial al DGASPC Alba\u00a0(denumit \u00een continuare \u201eDGASPC Alba\u201e) pentru asigurarea unei mai mari transparen\u0163e \u015fi o mai bun\u0103 \u00een\u0163elegere a activit\u0103\u0163ilor DGASPC Alba.<\/p>\n<p data-raofz=\"12\">Utilizarea site-ului<strong>www.protectiasocialaalba.ro<\/strong>\u00a0(denumit \u00een continuare \u201esite\u201d) presupune acceptarea \u00een totalitate a termenilor \u015fi condi\u0163iilor expuse mai jos.<\/p>\n<p data-raofz=\"12\">Termenii \u015fi condi\u0163iile pot fi modificate \u00een orice moment de c\u0103tre administratorul site-ului, denumit \u00een continuare \u201eAdministrator\u201d, f\u0103r\u0103 notificarea prealabil\u0103 a persoanelor care \u00eel utilizeaz\u0103, denumite \u00een continuare \u201eUtilizatori\u201d.<\/p>\n<p data-raofz=\"12\">Utilizatorii vor avea acces permanent la termenii \u015fi condi\u0163iile pentru utilizarea serviciilor pentru a le putea consulta \u00een orice moment.<\/p>\n<p data-raofz=\"12\">Acces\u00e2nd \u015fi navig\u00e2nd pe acest site, Utilizatorii accept\u0103 implicit, termenii de utilizare descri\u015fi \u00een continuare.<br \/>\n\u00cen cazul \u00een care nu sunt de acord cu termenii \u015fi condi\u0163iile impuse, Utilizatorii trebuie s\u0103 \u00eenceteze accesarea acestui serviciu.<\/p>\n<p data-raofz=\"12\">Descrierea serviciilor<br \/>\nPrin intermediul sec\u0163iunilor sale, site-ul<strong>www.protectiasocialaalba.ro<\/strong>\u00a0ofer\u0103 Utilizatorilor informa\u0163ii, acte normative, decizii, hot\u0103r\u00e2ri, reglement\u0103ri \u015fi \u015ftiri referitoare la institutia descrisa mai sus.<\/p>\n<p data-raofz=\"12\">Ce este un serviciu electronic?<\/p>\n<p data-raofz=\"12\">\u00cen cadrul domeniului<strong>www.protectiasocialaalba.ro<\/strong>, un serviciu electronic reprezint\u0103 o resurs\u0103 oferit\u0103 prin Internet cu scopul de a \u00eembun\u0103t\u0103\u0163i procesul de comunicare dintre cet\u0103\u0163eni \u015fi DGASPC Alba.<\/p>\n<p data-raofz=\"12\">Servicii electronice oferite de domeniului<strong>www.protectiasocialaalba.ro<\/strong>:<\/p>\n<p data-raofz=\"12\">servicii de informare, care asigur\u0103 cet\u0103\u0163enilor, presei sau altor factori interesa\u0163i acces u\u015for \u015fi eficient la informa\u0163ii, facilit\u00e2nd consultarea documentelor emise de c\u0103treDGASPC Alba;<\/p>\n<p data-raofz=\"12\">Neangajarea r\u0103spunderii<br \/>\nDGASPC Alba \u00eentre\u0163ine acest domeniu pentru a \u00eenlesni accesul public la informa\u0163ii privind activit\u0103\u0163ile sale. Administratorul depune eforturi pentru ca aceste informa\u0163ii s\u0103 fie corecte \u015fi oferite la timp. La semnalarea eventualelor erori, Administratorul va \u00eencerca \u00een cel mai scurt timp, corectarea acestora.<\/p>\n<p data-raofz=\"12\">Informa\u0163ia oferit\u0103:<\/p>\n<p data-raofz=\"12\">este exclusiv de natur\u0103 general\u0103;<br \/>\nnu este \u00een mod obligatoriu atotcuprinz\u0103toare, complet\u0103, corect\u0103 sau actualizat\u0103;<br \/>\npoate con\u0163ine leg\u0103turi web spre alte site-uri aspura con\u0163inutului c\u0103rora DGASPC Alba\u00a0 nu de\u0163ine nici un control \u015fi pentru care nu \u00ee\u015fi asum\u0103 nici o responsabilitate.<\/p>\n<p data-raofz=\"12\">Un document disponibil pe site nu reproduce \u00een mod obligatoriu textul unui document oficial.<\/p>\n<p data-raofz=\"12\">Numai documentele \u015fi actele normative publicate pe h\u00e2rtie de c\u0103tre organele abilitate sunt considerate autentice.<\/p>\n<p data-raofz=\"12\">Administratorul nu \u00ee\u015fi asum\u0103 nici o r\u0103spundere \u00een cazul \u00een care anumite informa\u0163ii sunt furnizate cu \u00eent\u00e2rziere, sunt pierdute, \u015fterse sau nu pot fi stocate pe serverele noastre din orice motive.<\/p>\n<p data-raofz=\"12\">De asemenea, nu \u00ee\u015fi asum\u0103 nici o r\u0103spundere pentru consecin\u0163ele care pot ap\u0103rea datorit\u0103 \u00eent\u00e2rzierii, pierderii sau inexactit\u0103\u0163ii informa\u0163iilor publicate sau existente pe site.<\/p>\n<p data-raofz=\"12\">Utilizatorii vor folosi informa\u0163iile furnizate \u00een cadrul site-ului pe propria r\u0103spundere, iar \u00een cazul unei daune generate de utilizarea serviciilor sau informa\u0163iilor furnizate, Utilizatorii accept\u0103 ca Administratorul va fi absolvit de orice r\u0103spundere.<\/p>\n<p data-raofz=\"12\">No\u0163iunea de neangajare a r\u0103spunderii nu se r\u0103sfr\u00e2nge \u015fi asupra obliga\u0163iei DGASPC Alba\u00a0de a respecta legisla\u0163ia \u00een vigoare \u015fi nu poate exclude obliga\u0163iile DGASPC Alba\u00a0impuse de lege.<\/p>\n<p data-raofz=\"12\">Reguli generale<br \/>\nAdministratorul siteului declar\u0103 urm\u0103toarele:<\/p>\n<p data-raofz=\"12\">va depune toate eforturile rezonabile pentru realizarea scopului siteului;<br \/>\nva depune toate eforturile (din punct de vedere tehnic sau de alt\u0103 natur\u0103) pentru func\u0163ionarea \u00een bune condi\u0163ii a siteului; cu toate acestea, pot exista \u00eentreruperi \u00een func\u0163ionare, sau imposibilit\u0103\u0163i de accesare de c\u0103tre Utilizatori, pe o perioad\u0103 nedeterminat\u0103 de timp, din orice motive;<br \/>\npe m\u0103sura apari\u0163iei unor situa\u0163ii noi de orice natur\u0103 ce impun acest lucru, Administratorul poate modifica condi\u0163iile \u015fi termenii de utilizare.<\/p>\n<div class=\"post-views post-480847 entry-meta\" data-raofz=\"16\"><\/div>\n<\/div>\n<\/div><\/section>\n","protected":false},"excerpt":{"rendered":"","protected":false},"author":2,"featured_media":0,"parent":0,"menu_order":0,"comment_status":"closed","ping_status":"closed","template":"","meta":{"footnotes":""},"_links":{"self":[{"href":"https:\/\/www.protectiasocialaalba.ro\/nou\/wp-json\/wp\/v2\/pages\/810"}],"collection":[{"href":"https:\/\/www.protectiasocialaalba.ro\/nou\/wp-json\/wp\/v2\/pages"}],"about":[{"href":"https:\/\/www.protectiasocialaalba.ro\/nou\/wp-json\/wp\/v2\/types\/page"}],"author":[{"embeddable":true,"href":"https:\/\/www.protectiasocialaalba.ro\/nou\/wp-json\/wp\/v2\/users\/2"}],"replies":[{"embeddable":true,"href":"https:\/\/www.protectiasocialaalba.ro\/nou\/wp-json\/wp\/v2\/comments?post=810"}],"version-history":[{"count":4,"href":"https:\/\/www.protectiasocialaalba.ro\/nou\/wp-json\/wp\/v2\/pages\/810\/revisions"}],"predecessor-version":[{"id":7217,"href":"https:\/\/www.protectiasocialaalba.ro\/nou\/wp-json\/wp\/v2\/pages\/810\/revisions\/7217"}],"wp:attachment":[{"href":"https:\/\/www.protectiasocialaalba.ro\/nou\/wp-json\/wp\/v2\/media?parent=810"}],"curies":[{"name":"wp","href":"https:\/\/api.w.org\/{rel}","templated":true}]}}